{"id":2,"date":"2015-12-22T20:26:40","date_gmt":"2015-12-22T20:26:40","guid":{"rendered":"http:\/\/lubiniecka.pl\/?page_id=2"},"modified":"2016-03-06T21:21:18","modified_gmt":"2016-03-06T21:21:18","slug":"witam","status":"publish","type":"page","link":"https:\/\/lubiniecka.pl\/","title":{"rendered":"Witam"},"content":{"rendered":"<p>Kancelaria Adwokacka Magdaleny Lubinieckiej oferuje kompleksowy zakres us\u0142ug prawnych zar\u00f3wno dla przedsi\u0119biorc\u00f3w, jak i dla Klient\u00f3w indywidualnych poprzez doradztwo prawne oraz reprezentacj\u0119 Klient\u00f3w przed s\u0105dami powszechnymi i administracyjnymi oraz organami administracji publicznej i innymi instytucjami.<\/p>\n<p>Kancelaria &#8211; dzia\u0142aj\u0105c poprzez adw. Magdalen\u0119 Lubinieck\u0105, LL.M. &#8211; \u015bwiadczy us\u0142ugi prawne w j\u0119zyku polskim, angielskim oraz niemieckim.<\/p>\n<p>Kancelaria wsp\u00f3\u0142pracuje z krajowymi oraz zagranicznymi adwokatami, a tak\u017ce z ekspertami z bran\u017cy ekonomicznej oraz linwigistycznej.<\/p>\n<p style=\"text-align: right;\">Z uszanowaniem,<\/p>\n<p style=\"text-align: right;\">Adwokat \u00a0Magdalena Lubiniecka<\/p>\n","protected":false},"excerpt":{"rendered":"<p>Kancelaria Adwokacka Magdaleny Lubinieckiej oferuje kompleksowy zakres us\u0142ug prawnych zar\u00f3wno dla przedsi\u0119biorc\u00f3w, jak i dla Klient\u00f3w indywidualnych poprzez doradztwo prawne oraz reprezentacj\u0119 Klient\u00f3w przed s\u0105dami powszechnymi i administracyjnymi oraz organami administracji publicznej i innymi instytucjami. Kancelaria &#8211; dzia\u0142aj\u0105c poprzez adw. Magdalen\u0119 Lubinieck\u0105, LL.M. &#8211; \u015bwiadczy us\u0142ugi prawne w j\u0119zyku polskim, angielskim oraz niemieckim. Kancelaria wsp\u00f3\u0142pracuje &hellip; <a href=\"https:\/\/lubiniecka.pl\/\" class=\"more-link\">Czytaj dalej <span class=\"screen-reader-text\">Witam<\/span> <span class=\"meta-nav\">&rarr;<\/span><\/a><\/p>\n","protected":false},"author":1,"featured_media":0,"parent":0,"menu_order":0,"comment_status":"closed","ping_status":"closed","template":"","meta":[],"_links":{"self":[{"href":"https:\/\/lubiniecka.pl\/index.php\/wp-json\/wp\/v2\/pages\/2"}],"collection":[{"href":"https:\/\/lubiniecka.pl\/index.php\/wp-json\/wp\/v2\/pages"}],"about":[{"href":"https:\/\/lubiniecka.pl\/index.php\/wp-json\/wp\/v2\/types\/page"}],"author":[{"embeddable":true,"href":"https:\/\/lubiniecka.pl\/index.php\/wp-json\/wp\/v2\/users\/1"}],"replies":[{"embeddable":true,"href":"https:\/\/lubiniecka.pl\/index.php\/wp-json\/wp\/v2\/comments?post=2"}],"version-history":[{"count":5,"href":"https:\/\/lubiniecka.pl\/index.php\/wp-json\/wp\/v2\/pages\/2\/revisions"}],"predecessor-version":[{"id":85,"href":"https:\/\/lubiniecka.pl\/index.php\/wp-json\/wp\/v2\/pages\/2\/revisions\/85"}],"wp:attachment":[{"href":"https:\/\/lubiniecka.pl\/index.php\/wp-json\/wp\/v2\/media?parent=2"}],"curies":[{"name":"wp","href":"https:\/\/api.w.org\/{rel}","templated":true}]}}