{"id":22,"date":"2015-12-22T20:29:25","date_gmt":"2015-12-22T18:37:39","guid":{"rendered":"http:\/\/lubiniecka.pl\/?page_id=22"},"modified":"2015-12-22T18:49:00","modified_gmt":"2015-12-22T18:49:00","slug":"obszary-praktyki","status":"publish","type":"page","link":"https:\/\/lubiniecka.pl\/index.php\/obszary-praktyki\/","title":{"rendered":"Obszary praktyki"},"content":{"rendered":"<p>Zakres us\u0142ug prawnych \u015bwiadczonych przez adwokat Magdalen\u0119 Lubinieck\u0105 jest nast\u0119puj\u0105cy:<\/p>\n<ul>\n<li>prawo cywilne \u2013 m.in. sprawy o zasiedzenie, najem, zniesienie wsp\u00f3\u0142w\u0142asno\u015bci, ustanowienie i zniesienie s\u0142u\u017cebno\u015bci drogi koniecznej, odwo\u0142anie darowizny, ochrona d\u00f3br osobistych;<\/li>\n<li>prawo rodzinne i opieku\u0144cze \u2013 m. in. sprawy o rozw\u00f3d i separacj\u0119 oraz uniewa\u017cnienie ma\u0142\u017ce\u0144stwa, alimenty, kontakty z dzieckiem, zaprzeczenie i ustalenia ojcostwa, w\u0142adz\u0119 rodzicielsk\u0105 (przyznanie, zawieszenie, ograniczenie oraz pozbawienie), zezwolenie na dokonanie czynno\u015bci przekraczaj\u0105cej zwyk\u0142y zarz\u0105d;<\/li>\n<li>prawo spadkowe \u2013 m. in. sprawy o stwierdzenie nabycia spadku, sprawy o zachowek, dzia\u0142 spadku, obalenie testamentu;<\/li>\n<li>prawo handlowe \u2013 m.in. procesy dotycz\u0105ce odpowiedzialno\u015bci cz\u0142onk\u00f3w zarz\u0105du za zobowi\u0105zania sp\u00f3\u0142ki, zaskar\u017canie uchwa\u0142 organ\u00f3w sp\u00f3\u0142ek;<\/li>\n<li>prawo sp\u00f3\u0142ek \u2013 m.in. tworzenie um\u00f3w (akty za\u0142o\u017cycielskie), zak\u0142adanie sp\u00f3\u0142ek i ich rejestracja we w\u0142a\u015bciwych rejestrach, zamykanie i likwidacja;<\/li>\n<li>prawo pracy \u2013 m.in. sprawy o odszkodowanie za wypadek przy pracy, mobbing, zakaz konkurencji, wynagrodzenie za prac\u0119 w godzinach nadliczbowych, o przywr\u00f3cenie do pracy i odszkodowanie;<\/li>\n<li>prawo administracyjne \u2013 sporz\u0105dzanie odwo\u0142a\u0144 od decyzji, za\u017cale\u0144, skarg do Wojew\u00f3dzkiego S\u0105du Administracyjnego oraz kasacji do Naczelnego S\u0105du Administracyjnego z zakresu szeroko poj\u0119tego prawa administracyjnego oraz reprezentacja przed organami administracji publicznej oraz s\u0105dami administracyjnymi.<\/li>\n<\/ul>\n<p>W ramach powy\u017cszych dziedzin prawa Kancelaria oferuje:<\/p>\n<ul>\n<li>sporz\u0105dzanie oraz analiz\u0119 um\u00f3w,<\/li>\n<li>sporz\u0105dzanie opinii prawnych,<\/li>\n<li>obs\u0142ug\u0119 zgromadze\u0144 organ\u00f3w sp\u00f3\u0142ek, fundacji i stowarzysze\u0144,<\/li>\n<li>reprezentacj\u0119 przed s\u0105dami powszechnymi oraz S\u0105dem Najwy\u017cszym w Warszawie,<\/li>\n<li>reprezentacj\u0119 przed s\u0105dami administracyjnymi,<\/li>\n<li>reprezentacj\u0119 przed organami administracyjnymi,<\/li>\n<\/ul>\n<p>Kompleksowa obs\u0142uga podmiot\u00f3w prawnych obejmuje:<\/p>\n<ul>\n<li>osoby prowadz\u0105ce dzia\u0142alno\u015b\u0107 gospodarcz\u0105,<\/li>\n<li>sp\u00f3\u0142ki cywilne,<\/li>\n<li>sp\u00f3\u0142ki osobowe,<\/li>\n<li>sp\u00f3\u0142ki kapita\u0142owe,<\/li>\n<li>stowarzyszenia.<\/li>\n<\/ul>\n","protected":false},"excerpt":{"rendered":"<p>Zakres us\u0142ug prawnych \u015bwiadczonych przez adwokat Magdalen\u0119 Lubinieck\u0105 jest nast\u0119puj\u0105cy: prawo cywilne \u2013 m.in. sprawy o zasiedzenie, najem, zniesienie wsp\u00f3\u0142w\u0142asno\u015bci, ustanowienie i zniesienie s\u0142u\u017cebno\u015bci drogi koniecznej, odwo\u0142anie darowizny, ochrona d\u00f3br osobistych; prawo rodzinne i opieku\u0144cze \u2013 m. in. sprawy o rozw\u00f3d i separacj\u0119 oraz uniewa\u017cnienie ma\u0142\u017ce\u0144stwa, alimenty, kontakty z dzieckiem, zaprzeczenie i ustalenia ojcostwa, w\u0142adz\u0119 &hellip; <a href=\"https:\/\/lubiniecka.pl\/index.php\/obszary-praktyki\/\" class=\"more-link\">Czytaj dalej <span class=\"screen-reader-text\">Obszary praktyki<\/span> <span class=\"meta-nav\">&rarr;<\/span><\/a><\/p>\n","protected":false},"author":1,"featured_media":0,"parent":0,"menu_order":0,"comment_status":"closed","ping_status":"closed","template":"","meta":[],"_links":{"self":[{"href":"https:\/\/lubiniecka.pl\/index.php\/wp-json\/wp\/v2\/pages\/22"}],"collection":[{"href":"https:\/\/lubiniecka.pl\/index.php\/wp-json\/wp\/v2\/pages"}],"about":[{"href":"https:\/\/lubiniecka.pl\/index.php\/wp-json\/wp\/v2\/types\/page"}],"author":[{"embeddable":true,"href":"https:\/\/lubiniecka.pl\/index.php\/wp-json\/wp\/v2\/users\/1"}],"replies":[{"embeddable":true,"href":"https:\/\/lubiniecka.pl\/index.php\/wp-json\/wp\/v2\/comments?post=22"}],"version-history":[{"count":2,"href":"https:\/\/lubiniecka.pl\/index.php\/wp-json\/wp\/v2\/pages\/22\/revisions"}],"predecessor-version":[{"id":28,"href":"https:\/\/lubiniecka.pl\/index.php\/wp-json\/wp\/v2\/pages\/22\/revisions\/28"}],"wp:attachment":[{"href":"https:\/\/lubiniecka.pl\/index.php\/wp-json\/wp\/v2\/media?parent=22"}],"curies":[{"name":"wp","href":"https:\/\/api.w.org\/{rel}","templated":true}]}}