{"id":38,"date":"2015-12-22T20:28:16","date_gmt":"2015-12-22T18:23:40","guid":{"rendered":"http:\/\/lubiniecka.pl\/?page_id=38"},"modified":"2015-12-22T20:15:31","modified_gmt":"2015-12-22T20:15:31","slug":"lawyers","status":"publish","type":"page","link":"https:\/\/lubiniecka.pl\/index.php\/lawyers\/","title":{"rendered":"Lawyers"},"content":{"rendered":"<p><strong>Barrister Magdalena Lubiniecka, LL.M.<\/strong><\/p>\n<p>L e g a l \u00a0e d u c a t i o n:<\/p>\n<p>Magdalena Lubiniecka graduated from the Faculty of Law of international universities &#8211; University of Adam Mickiewicz in Pozna\u0144 (Poland) and Europa Universitat Viadrina in Frankfurt\/Oder (Germany) with an academic title of Master of Laws (LL.M.). Scholar of programme Socrates at the Essex University in Colchester (England).<\/p>\n<p>In 2012, she finished legal training at the Bar Chamber in Wroc\u0142aw and passed the Bar exam.<\/p>\n<p>During the 3-year legal training, she cooperated with big law firms in Wroc\u0142aw. After having finished the apprenticeship, she started her own Law Firm in Wroc\u0142aw and its Branch in Z\u0142otoryja.<\/p>\n<p>P r o f e s s i o n a l \u00a0e x p e r i e n c e:<\/p>\n<p>During her legal career, she provided entrepreneurs from the food, machine, clothing, lighting and energy industry with legal advice. She was also advising international entrepreneurs. She represented Clients before ordinary courts of law in cases regarding civil law, family law, commercial law (using international legal provisions &#8211; among other things Convention on Contracts for the International Sale of Goods, European Regulations &#8211; Rome I and Rome II) and insolvency law as well as before administrative courts and administrative authorities.<\/p>\n<p>L e g a l \u00a0s e r v i c e s \u00a0i n \u00a0f o r e i g n \u00a0l a n g u a g e s:<\/p>\n<p>Being a graduate of the international universities in Germany and England, Magdalena Lubiniecka provides her Clients with legal services in German and English.<\/p>\n","protected":false},"excerpt":{"rendered":"<p>Barrister Magdalena Lubiniecka, LL.M. L e g a l \u00a0e d u c a t i o n: Magdalena Lubiniecka graduated from the Faculty of Law of international universities &#8211; University of Adam Mickiewicz in Pozna\u0144 (Poland) and Europa Universitat Viadrina in Frankfurt\/Oder (Germany) with an academic title of Master of Laws (LL.M.). Scholar of &hellip; <a href=\"https:\/\/lubiniecka.pl\/index.php\/lawyers\/\" class=\"more-link\">Czytaj dalej <span class=\"screen-reader-text\">Lawyers<\/span> <span class=\"meta-nav\">&rarr;<\/span><\/a><\/p>\n","protected":false},"author":1,"featured_media":0,"parent":0,"menu_order":0,"comment_status":"closed","ping_status":"closed","template":"","meta":[],"_links":{"self":[{"href":"https:\/\/lubiniecka.pl\/index.php\/wp-json\/wp\/v2\/pages\/38"}],"collection":[{"href":"https:\/\/lubiniecka.pl\/index.php\/wp-json\/wp\/v2\/pages"}],"about":[{"href":"https:\/\/lubiniecka.pl\/index.php\/wp-json\/wp\/v2\/types\/page"}],"author":[{"embeddable":true,"href":"https:\/\/lubiniecka.pl\/index.php\/wp-json\/wp\/v2\/users\/1"}],"replies":[{"embeddable":true,"href":"https:\/\/lubiniecka.pl\/index.php\/wp-json\/wp\/v2\/comments?post=38"}],"version-history":[{"count":1,"href":"https:\/\/lubiniecka.pl\/index.php\/wp-json\/wp\/v2\/pages\/38\/revisions"}],"predecessor-version":[{"id":39,"href":"https:\/\/lubiniecka.pl\/index.php\/wp-json\/wp\/v2\/pages\/38\/revisions\/39"}],"wp:attachment":[{"href":"https:\/\/lubiniecka.pl\/index.php\/wp-json\/wp\/v2\/media?parent=38"}],"curies":[{"name":"wp","href":"https:\/\/api.w.org\/{rel}","templated":true}]}}