{"id":58,"date":"2015-12-22T20:26:40","date_gmt":"2015-12-22T20:26:40","guid":{"rendered":"http:\/\/lubiniecka.pl\/?page_id=58"},"modified":"2022-05-26T12:38:15","modified_gmt":"2022-05-26T12:38:15","slug":"kanzlei","status":"publish","type":"page","link":"https:\/\/lubiniecka.pl\/index.php\/kanzlei\/","title":{"rendered":"Kanzlei"},"content":{"rendered":"<p><strong>Rechtsanwaltskanzlei Magdalena Lubiniecka<\/strong><\/p>\n<p>Rechtsanwaltskanzlei Magdalena Lubiniecka erbringt rechtliche Dienstleistungen sowohl f\u00fcr Unternehmen als auch f\u00fcr Privatpersonen durch Rechtsberatung und Rechtsvertretung vor allgemeinen Gerichten, Verwaltungsgerichten und Verwaltungsorganen.<\/p>\n<p>Kanzlei &#8211; durch Rechtsanw\u00e4ltin Magdalena Lubiniecka, LL.M. &#8211; bietet Rechtsdienstleistungen in Polnisch, Englisch und Deutsch an.<\/p>\n<p>Kanzlei kooperiert mit anderen inl\u00e4ndischen und ausl\u00e4ndischen Rechtsanw\u00e4lten, als auch mit Fachleuten aus dem Wirtschaftsbereich sowie mit Fach\u00fcbersetzern und Dolmetschern.<\/p>\n","protected":false},"excerpt":{"rendered":"<p>Rechtsanwaltskanzlei Magdalena Lubiniecka Rechtsanwaltskanzlei Magdalena Lubiniecka erbringt rechtliche Dienstleistungen sowohl f\u00fcr Unternehmen als auch f\u00fcr Privatpersonen durch Rechtsberatung und Rechtsvertretung vor allgemeinen Gerichten, Verwaltungsgerichten und Verwaltungsorganen. Kanzlei &#8211; durch Rechtsanw\u00e4ltin Magdalena Lubiniecka, LL.M. &#8211; bietet Rechtsdienstleistungen in Polnisch, Englisch und Deutsch an. Kanzlei kooperiert mit anderen inl\u00e4ndischen und ausl\u00e4ndischen Rechtsanw\u00e4lten, als auch mit Fachleuten aus &hellip; <a href=\"https:\/\/lubiniecka.pl\/index.php\/kanzlei\/\" class=\"more-link\">Czytaj dalej <span class=\"screen-reader-text\">Kanzlei<\/span> <span class=\"meta-nav\">&rarr;<\/span><\/a><\/p>\n","protected":false},"author":1,"featured_media":0,"parent":0,"menu_order":0,"comment_status":"closed","ping_status":"closed","template":"","meta":[],"_links":{"self":[{"href":"https:\/\/lubiniecka.pl\/index.php\/wp-json\/wp\/v2\/pages\/58"}],"collection":[{"href":"https:\/\/lubiniecka.pl\/index.php\/wp-json\/wp\/v2\/pages"}],"about":[{"href":"https:\/\/lubiniecka.pl\/index.php\/wp-json\/wp\/v2\/types\/page"}],"author":[{"embeddable":true,"href":"https:\/\/lubiniecka.pl\/index.php\/wp-json\/wp\/v2\/users\/1"}],"replies":[{"embeddable":true,"href":"https:\/\/lubiniecka.pl\/index.php\/wp-json\/wp\/v2\/comments?post=58"}],"version-history":[{"count":1,"href":"https:\/\/lubiniecka.pl\/index.php\/wp-json\/wp\/v2\/pages\/58\/revisions"}],"predecessor-version":[{"id":59,"href":"https:\/\/lubiniecka.pl\/index.php\/wp-json\/wp\/v2\/pages\/58\/revisions\/59"}],"wp:attachment":[{"href":"https:\/\/lubiniecka.pl\/index.php\/wp-json\/wp\/v2\/media?parent=58"}],"curies":[{"name":"wp","href":"https:\/\/api.w.org\/{rel}","templated":true}]}}