{"id":60,"date":"2015-12-22T20:28:16","date_gmt":"2015-12-22T18:23:40","guid":{"rendered":"http:\/\/lubiniecka.pl\/?page_id=60"},"modified":"2015-12-22T20:28:16","modified_gmt":"2015-12-22T20:28:16","slug":"juristen","status":"publish","type":"page","link":"https:\/\/lubiniecka.pl\/index.php\/juristen\/","title":{"rendered":"Juristen"},"content":{"rendered":"<p><strong>Rechts\u00e4nwaltin Magdalena Lubiniecka, LL.M.<\/strong><\/p>\n<blockquote><p>A u s b i l d u n g:<\/p><\/blockquote>\n<p>Absolventin der Juristischen Fakult\u00e4ten internationaler Universit\u00e4ten &#8211; Europa-Universit\u00e4t Viadrina in Frankfurt an der Oder (abgeschlossen mit dem Titel Master of Laws (LL.M.)) und Adam Mickiewicz Universit\u00e4t in Pozna\u0144. Im Rahmen des Sokrates-Programms studierte sie auch an Essex University in Colchester (England).<\/p>\n<p>In 2012 schlo\u00df sie das Anwaltsrefendariat an der Rechtsanwaltskammer Wroc\u0142aw erfolgreich ab und bestand die Rechtsanwaltspr\u00fcfung.<\/p>\n<p>W\u00e4hrend des 3-j\u00e4hrigen Referendariats arbeitete sie mit den gro\u00dfen Rechtsanwaltskanzleien in Wroc\u0142aw mit. Nach dem Abschlu\u00df des Refendariats gr\u00fcndete sie eigene Rechtsanwaltskanzlei, die sie in Wroc\u0142aw (Hauptsitz) und in Zlotoryja (Zweigniederlassung der Kanzlei) f\u00fchrt.<\/p>\n<blockquote><p>B e r u f s e r f a h r u n g:<\/p><\/blockquote>\n<p>W\u00e4hrend der Karriere als Juristin leistete sie komplexe Rechtsberatung von Unternehmen in den Lebensmittel-, Konfenktions- Machinen-, Beleuchtungs- und Energiebereichen &#8211; auch komplexe Rechtsberatung von internationalen Unternehmen. Sie vertrat die Kunden vor \u00a0allgemeinen Gerichten in Familienrechts-, Erbrechts-, Zivilrechts-, Wirtschaftsrechts- (unter Einbeziehung von internationalen Vorschriften &#8211; u.a. UN-Kaufrecht, Verordnungen der EU &#8211; Rom I und Rom II) und Insolvenzrechtssachen und im Verfahren vor Verwaltungsgerichten und vor Verwaltungsbeh\u00f6rden.<\/p>\n<blockquote><p>R e c h t s l e i s t u n g e n \u00a0i n \u00a0F r e m d s p r a c h e n:<\/p><\/blockquote>\n<p>In Hinsicht auf die Ausbildung an den internationalen Universit\u00e4ten in Deutschland und England RA Magdalena Lubiniecka bietet rechtliche Dienstleistungen auf Deutsch und auf Englisch.<\/p>\n","protected":false},"excerpt":{"rendered":"<p>Rechts\u00e4nwaltin Magdalena Lubiniecka, LL.M. A u s b i l d u n g: Absolventin der Juristischen Fakult\u00e4ten internationaler Universit\u00e4ten &#8211; Europa-Universit\u00e4t Viadrina in Frankfurt an der Oder (abgeschlossen mit dem Titel Master of Laws (LL.M.)) und Adam Mickiewicz Universit\u00e4t in Pozna\u0144. Im Rahmen des Sokrates-Programms studierte sie auch an Essex University in Colchester (England). &hellip; <a href=\"https:\/\/lubiniecka.pl\/index.php\/juristen\/\" class=\"more-link\">Czytaj dalej <span class=\"screen-reader-text\">Juristen<\/span> <span class=\"meta-nav\">&rarr;<\/span><\/a><\/p>\n","protected":false},"author":1,"featured_media":0,"parent":0,"menu_order":0,"comment_status":"closed","ping_status":"closed","template":"","meta":[],"_links":{"self":[{"href":"https:\/\/lubiniecka.pl\/index.php\/wp-json\/wp\/v2\/pages\/60"}],"collection":[{"href":"https:\/\/lubiniecka.pl\/index.php\/wp-json\/wp\/v2\/pages"}],"about":[{"href":"https:\/\/lubiniecka.pl\/index.php\/wp-json\/wp\/v2\/types\/page"}],"author":[{"embeddable":true,"href":"https:\/\/lubiniecka.pl\/index.php\/wp-json\/wp\/v2\/users\/1"}],"replies":[{"embeddable":true,"href":"https:\/\/lubiniecka.pl\/index.php\/wp-json\/wp\/v2\/comments?post=60"}],"version-history":[{"count":1,"href":"https:\/\/lubiniecka.pl\/index.php\/wp-json\/wp\/v2\/pages\/60\/revisions"}],"predecessor-version":[{"id":61,"href":"https:\/\/lubiniecka.pl\/index.php\/wp-json\/wp\/v2\/pages\/60\/revisions\/61"}],"wp:attachment":[{"href":"https:\/\/lubiniecka.pl\/index.php\/wp-json\/wp\/v2\/media?parent=60"}],"curies":[{"name":"wp","href":"https:\/\/api.w.org\/{rel}","templated":true}]}}